{"id":28892,"date":"2024-05-28T21:58:16","date_gmt":"2024-05-28T19:58:16","guid":{"rendered":"https:\/\/canariasmuebles.com\/?post_type=product&#038;p=28892"},"modified":"2024-06-07T09:45:56","modified_gmt":"2024-06-07T07:45:56","slug":"butaca-nordica","status":"publish","type":"product","link":"https:\/\/canariasmuebles.com\/index.php\/product\/butaca-nordica\/","title":{"rendered":"BUTACA NORDICA"},"content":{"rendered":"","protected":false},"excerpt":{"rendered":"<p>Sill\u00f3n fijo N\u00d3RDICO, renovado con un toque contempor\u00e1neo. Robusto y f\u00e1cil de mantener, gracias a su tela resistente a las manchas. Este sill\u00f3n es perfecto para la sala de estar, el dormitorio o cualquier rinc\u00f3n de relajaci\u00f3n, ofreciendo una alternativa a los sillones orejeros gracias a sus dimensiones compactas.<\/p>\n","protected":false},"featured_media":28893,"comment_status":"open","ping_status":"closed","template":"","meta":[],"product_cat":[145],"product_tag":[],"aioseo_notices":[],"_links":{"self":[{"href":"https:\/\/canariasmuebles.com\/index.php\/wp-json\/wp\/v2\/product\/28892"}],"collection":[{"href":"https:\/\/canariasmuebles.com\/index.php\/wp-json\/wp\/v2\/product"}],"about":[{"href":"https:\/\/canariasmuebles.com\/index.php\/wp-json\/wp\/v2\/types\/product"}],"replies":[{"embeddable":true,"href":"https:\/\/canariasmuebles.com\/index.php\/wp-json\/wp\/v2\/comments?post=28892"}],"wp:featuredmedia":[{"embeddable":true,"href":"https:\/\/canariasmuebles.com\/index.php\/wp-json\/wp\/v2\/media\/28893"}],"wp:attachment":[{"href":"https:\/\/canariasmuebles.com\/index.php\/wp-json\/wp\/v2\/media?parent=28892"}],"wp:term":[{"taxonomy":"product_cat","embeddable":true,"href":"https:\/\/canariasmuebles.com\/index.php\/wp-json\/wp\/v2\/product_cat?post=28892"},{"taxonomy":"product_tag","embeddable":true,"href":"https:\/\/canariasmuebles.com\/index.php\/wp-json\/wp\/v2\/product_tag?post=28892"}],"curies":[{"name":"wp","href":"https:\/\/api.w.org\/{rel}","templated":true}]}}