{"id":29025,"date":"2024-06-19T07:53:23","date_gmt":"2024-06-19T05:53:23","guid":{"rendered":"https:\/\/canariasmuebles.com\/?post_type=product&#038;p=29025"},"modified":"2024-06-19T07:55:18","modified_gmt":"2024-06-19T05:55:18","slug":"alabama-sillon-relax-push-t-mozart-marengo","status":"publish","type":"product","link":"https:\/\/canariasmuebles.com\/index.php\/product\/alabama-sillon-relax-push-t-mozart-marengo\/","title":{"rendered":"ALABAMA SILLON RELAX PUSH T\/MOZART MARENGO"},"content":{"rendered":"<div class=\"flex-shrink-0 flex flex-col relative items-end\">\n<div>\n<div class=\"pt-0.5 juice:pt-0\">\n<div class=\"gizmo-bot-avatar flex h-6 w-6 items-center justify-center overflow-hidden rounded-full juice:h-8 juice:w-8\">\n<div class=\"relative p-1 rounded-sm flex items-center justify-center bg-token-main-surface-primary text-token-text-primary h-8 w-8\"><\/div>\n<\/div>\n<\/div>\n<\/div>\n<\/div>\n<div class=\"group\/conversation-turn relative flex w-full min-w-0 flex-col agent-turn\">\n<div class=\"flex-col gap-1 md:gap-3\">\n<div class=\"flex flex-grow flex-col max-w-full\">\n<div class=\"min-h-[20px] text-message flex flex-col items-start whitespace-pre-wrap break-words [.text-message+&amp;]:mt-5 juice:w-full juice:items-end overflow-x-auto gap-2\" dir=\"auto\" data-message-author-role=\"assistant\" data-message-id=\"5aaff231-49d2-4d84-8428-791710f0d11c\">\n<div class=\"flex w-full flex-col gap-1 juice:empty:hidden juice:first:pt-[3px]\">\n<div class=\"markdown prose w-full break-words dark:prose-invert light\">\n<p><strong>Descubre el Confort del Alabama Sill\u00f3n Relax Push T\/Mozart Marengo<\/strong><\/p>\n<p>Si buscas el equilibrio perfecto entre estilo y comodidad, el Alabama Sill\u00f3n Relax Push T\/Mozart Marengo es tu elecci\u00f3n ideal. Este sill\u00f3n relax no solo es un mueble, sino una experiencia de confort inigualable. Con un dise\u00f1o sofisticado y una funcionalidad superior, se convierte en el complemento perfecto para cualquier hogar moderno.<\/p>\n<\/div>\n<p><strong>Caracter\u00edsticas\u00a0<\/strong><\/p>\n<p>Sill\u00f3n relax push modelo ALABAMA, tapizado tela Mozart en color marengo.<\/p>\n<p><strong>Medidas:<\/strong><\/p>\n<p>L78 x F95 x A105<\/p>\n<\/div>\n<\/div>\n<\/div>\n<\/div>\n<\/div>\n","protected":false},"excerpt":{"rendered":"<div class=\"flex-shrink-0 flex flex-col relative items-end\">\n<div>\n<div class=\"pt-0.5 juice:pt-0\">\n<div class=\"gizmo-bot-avatar flex h-6 w-6 items-center justify-center overflow-hidden rounded-full juice:h-8 juice:w-8\">\n<div class=\"relative p-1 rounded-sm flex items-center justify-center bg-token-main-surface-primary text-token-text-primary h-8 w-8\"><\/div>\n<\/div>\n<\/div>\n<\/div>\n<\/div>\n<div class=\"group\/conversation-turn relative flex w-full min-w-0 flex-col agent-turn\">\n<div class=\"flex-col gap-1 md:gap-3\">\n<div class=\"flex flex-grow flex-col max-w-full\">\n<div class=\"min-h-[20px] text-message flex flex-col items-start whitespace-pre-wrap break-words [.text-message+&amp;]:mt-5 juice:w-full juice:items-end overflow-x-auto gap-2\" dir=\"auto\" data-message-author-role=\"assistant\" data-message-id=\"5aaff231-49d2-4d84-8428-791710f0d11c\">\n<div class=\"flex w-full flex-col gap-1 juice:empty:hidden juice:first:pt-[3px]\">\n<div class=\"markdown prose w-full break-words dark:prose-invert light\">\n<p><strong>Descubre el Confort del Alabama Sill\u00f3n Relax Push T\/Mozart Marengo<\/strong><\/p>\n<p>Si buscas el equilibrio perfecto entre estilo y comodidad, el Alabama Sill\u00f3n Relax Push T\/Mozart Marengo es tu elecci\u00f3n ideal. Este sill\u00f3n relax no solo es un mueble, sino una experiencia de confort inigualable. Con un dise\u00f1o sofisticado y una funcionalidad superior, se convierte en el complemento perfecto para cualquier hogar moderno.<\/p>\n<\/div>\n<p><strong>Caracter\u00edsticas\u00a0<\/strong><\/p>\n<p>Sill\u00f3n relax push modelo ALABAMA, tapizado tela Mozart en color marengo.<\/p>\n<p><strong>Medidas:<\/strong><\/p>\n<p>L78 x F95 x A105<\/p>\n<\/div>\n<\/div>\n<\/div>\n<\/div>\n<\/div>\n","protected":false},"featured_media":29026,"comment_status":"open","ping_status":"closed","template":"","meta":[],"product_cat":[144],"product_tag":[],"aioseo_notices":[],"_links":{"self":[{"href":"https:\/\/canariasmuebles.com\/index.php\/wp-json\/wp\/v2\/product\/29025"}],"collection":[{"href":"https:\/\/canariasmuebles.com\/index.php\/wp-json\/wp\/v2\/product"}],"about":[{"href":"https:\/\/canariasmuebles.com\/index.php\/wp-json\/wp\/v2\/types\/product"}],"replies":[{"embeddable":true,"href":"https:\/\/canariasmuebles.com\/index.php\/wp-json\/wp\/v2\/comments?post=29025"}],"wp:featuredmedia":[{"embeddable":true,"href":"https:\/\/canariasmuebles.com\/index.php\/wp-json\/wp\/v2\/media\/29026"}],"wp:attachment":[{"href":"https:\/\/canariasmuebles.com\/index.php\/wp-json\/wp\/v2\/media?parent=29025"}],"wp:term":[{"taxonomy":"product_cat","embeddable":true,"href":"https:\/\/canariasmuebles.com\/index.php\/wp-json\/wp\/v2\/product_cat?post=29025"},{"taxonomy":"product_tag","embeddable":true,"href":"https:\/\/canariasmuebles.com\/index.php\/wp-json\/wp\/v2\/product_tag?post=29025"}],"curies":[{"name":"wp","href":"https:\/\/api.w.org\/{rel}","templated":true}]}}