{"id":29116,"date":"2024-07-03T15:38:53","date_gmt":"2024-07-03T13:38:53","guid":{"rendered":"https:\/\/canariasmuebles.com\/?post_type=product&#038;p=29116"},"modified":"2024-07-03T15:38:53","modified_gmt":"2024-07-03T13:38:53","slug":"borneo-taburete-p-met-cambrian","status":"publish","type":"product","link":"https:\/\/canariasmuebles.com\/index.php\/product\/borneo-taburete-p-met-cambrian\/","title":{"rendered":"BORNEO TABURETE P\/MET. CAMBRIAN"},"content":{"rendered":"<p>El taburete modelo BORNEO es una opci\u00f3n excepcional para quienes valoran la combinaci\u00f3n de robustez y estilo contempor\u00e1neo. Con patas met\u00e1licas en color cambrian, que aportan una estructura resistente y duradera, y un asiento tapizado en tela Mercurio color gris, este taburete ofrece una est\u00e9tica sofisticada y moderna. Ideal para una amplia variedad de entornos, desde el hogar hasta oficinas y espacios comerciales, el taburete BORNEO no solo garantiza comodidad sino tambi\u00e9n una presencia elegante y refinada en cualquier decoraci\u00f3n.<\/p>\n","protected":false},"excerpt":{"rendered":"<p>El taburete modelo BORNEO es una opci\u00f3n excepcional para quienes valoran la combinaci\u00f3n de robustez y estilo contempor\u00e1neo. Con patas met\u00e1licas en color cambrian, que aportan una estructura resistente y duradera, y un asiento tapizado en tela Mercurio color gris, este taburete ofrece una est\u00e9tica sofisticada y moderna. Ideal para una amplia variedad de entornos, desde el hogar hasta oficinas y espacios comerciales, el taburete BORNEO no solo garantiza comodidad sino tambi\u00e9n una presencia elegante y refinada en cualquier decoraci\u00f3n.<\/p>\n","protected":false},"featured_media":29119,"comment_status":"open","ping_status":"closed","template":"","meta":[],"product_cat":[122],"product_tag":[],"aioseo_notices":[],"_links":{"self":[{"href":"https:\/\/canariasmuebles.com\/index.php\/wp-json\/wp\/v2\/product\/29116"}],"collection":[{"href":"https:\/\/canariasmuebles.com\/index.php\/wp-json\/wp\/v2\/product"}],"about":[{"href":"https:\/\/canariasmuebles.com\/index.php\/wp-json\/wp\/v2\/types\/product"}],"replies":[{"embeddable":true,"href":"https:\/\/canariasmuebles.com\/index.php\/wp-json\/wp\/v2\/comments?post=29116"}],"wp:featuredmedia":[{"embeddable":true,"href":"https:\/\/canariasmuebles.com\/index.php\/wp-json\/wp\/v2\/media\/29119"}],"wp:attachment":[{"href":"https:\/\/canariasmuebles.com\/index.php\/wp-json\/wp\/v2\/media?parent=29116"}],"wp:term":[{"taxonomy":"product_cat","embeddable":true,"href":"https:\/\/canariasmuebles.com\/index.php\/wp-json\/wp\/v2\/product_cat?post=29116"},{"taxonomy":"product_tag","embeddable":true,"href":"https:\/\/canariasmuebles.com\/index.php\/wp-json\/wp\/v2\/product_tag?post=29116"}],"curies":[{"name":"wp","href":"https:\/\/api.w.org\/{rel}","templated":true}]}}