{"id":29127,"date":"2024-07-03T16:11:40","date_gmt":"2024-07-03T14:11:40","guid":{"rendered":"https:\/\/canariasmuebles.com\/?post_type=product&#038;p=29127"},"modified":"2024-07-03T16:11:40","modified_gmt":"2024-07-03T14:11:40","slug":"mesa-cocina","status":"publish","type":"product","link":"https:\/\/canariasmuebles.com\/index.php\/product\/mesa-cocina\/","title":{"rendered":"MESA COCINA"},"content":{"rendered":"<p>La mesa de cocina fabricada con madera MDF y metal, disponible en varios colores, es una elecci\u00f3n vers\u00e1til y moderna para cualquier hogar. Con un di\u00e1metro de 80 cm en la parte superior y 50 cm en la base, ofrece una superficie espaciosa y estable, perfecta para comidas y reuniones cotidianas. La combinaci\u00f3n de materiales de alta calidad asegura durabilidad y resistencia, mientras que la variedad de colores permite una personalizaci\u00f3n acorde con diferentes estilos de decoraci\u00f3n. Esta mesa no solo aporta funcionalidad, sino tambi\u00e9n un toque est\u00e9tico que realza el ambiente de la cocina o comedor.<\/p>\n","protected":false},"excerpt":{"rendered":"<p>La mesa de cocina fabricada con madera MDF y metal, disponible en varios colores, es una elecci\u00f3n vers\u00e1til y moderna para cualquier hogar. Con un di\u00e1metro de 80 cm en la parte superior y 50 cm en la base, ofrece una superficie espaciosa y estable, perfecta para comidas y reuniones cotidianas. La combinaci\u00f3n de materiales de alta calidad asegura durabilidad y resistencia, mientras que la variedad de colores permite una personalizaci\u00f3n acorde con diferentes estilos de decoraci\u00f3n. Esta mesa no solo aporta funcionalidad, sino tambi\u00e9n un toque est\u00e9tico que realza el ambiente de la cocina o comedor.<\/p>\n","protected":false},"featured_media":29135,"comment_status":"open","ping_status":"closed","template":"","meta":[],"product_cat":[113],"product_tag":[],"aioseo_notices":[],"_links":{"self":[{"href":"https:\/\/canariasmuebles.com\/index.php\/wp-json\/wp\/v2\/product\/29127"}],"collection":[{"href":"https:\/\/canariasmuebles.com\/index.php\/wp-json\/wp\/v2\/product"}],"about":[{"href":"https:\/\/canariasmuebles.com\/index.php\/wp-json\/wp\/v2\/types\/product"}],"replies":[{"embeddable":true,"href":"https:\/\/canariasmuebles.com\/index.php\/wp-json\/wp\/v2\/comments?post=29127"}],"wp:featuredmedia":[{"embeddable":true,"href":"https:\/\/canariasmuebles.com\/index.php\/wp-json\/wp\/v2\/media\/29135"}],"wp:attachment":[{"href":"https:\/\/canariasmuebles.com\/index.php\/wp-json\/wp\/v2\/media?parent=29127"}],"wp:term":[{"taxonomy":"product_cat","embeddable":true,"href":"https:\/\/canariasmuebles.com\/index.php\/wp-json\/wp\/v2\/product_cat?post=29127"},{"taxonomy":"product_tag","embeddable":true,"href":"https:\/\/canariasmuebles.com\/index.php\/wp-json\/wp\/v2\/product_tag?post=29127"}],"curies":[{"name":"wp","href":"https:\/\/api.w.org\/{rel}","templated":true}]}}