{"id":29136,"date":"2024-07-04T18:11:58","date_gmt":"2024-07-04T16:11:58","guid":{"rendered":"https:\/\/canariasmuebles.com\/?post_type=product&#038;p=29136"},"modified":"2024-07-04T18:16:47","modified_gmt":"2024-07-04T16:16:47","slug":"sofa-chaise-electrica-reversible-madrid","status":"publish","type":"product","link":"https:\/\/canariasmuebles.com\/index.php\/product\/sofa-chaise-electrica-reversible-madrid\/","title":{"rendered":"SOFA CHAISE ELECTRICA REVERSIBLE MADRID"},"content":{"rendered":"<p>El sof\u00e1 chaiselongue el\u00e9ctrica reversible modelo MADRID es una opci\u00f3n excepcional para quienes buscan comodidad y versatilidad en su hogar. Disponible en una variedad de colores y telas, este sof\u00e1 se adapta a cualquier estilo de decoraci\u00f3n, proporcionando tanto funcionalidad como elegancia. Su dise\u00f1o reversible y la incorporaci\u00f3n de un mecanismo el\u00e9ctrico aseguran un confort personalizado y la posibilidad de ajustar la disposici\u00f3n seg\u00fan las necesidades del espacio. El modelo MADRID no solo mejora la est\u00e9tica de su sala de estar, sino que tambi\u00e9n ofrece una experiencia de relajaci\u00f3n superior.<\/p>\n","protected":false},"excerpt":{"rendered":"<p>El sof\u00e1 chaiselongue el\u00e9ctrica reversible modelo MADRID es una opci\u00f3n excepcional para quienes buscan comodidad y versatilidad en su hogar. Disponible en una variedad de colores y telas, este sof\u00e1 se adapta a cualquier estilo de decoraci\u00f3n, proporcionando tanto funcionalidad como elegancia. Su dise\u00f1o reversible y la incorporaci\u00f3n de un mecanismo el\u00e9ctrico aseguran un confort personalizado y la posibilidad de ajustar la disposici\u00f3n seg\u00fan las necesidades del espacio. El modelo MADRID no solo mejora la est\u00e9tica de su sala de estar, sino que tambi\u00e9n ofrece una experiencia de relajaci\u00f3n superior.<\/p>\n","protected":false},"featured_media":29145,"comment_status":"open","ping_status":"closed","template":"","meta":[],"product_cat":[105,154],"product_tag":[],"aioseo_notices":[],"_links":{"self":[{"href":"https:\/\/canariasmuebles.com\/index.php\/wp-json\/wp\/v2\/product\/29136"}],"collection":[{"href":"https:\/\/canariasmuebles.com\/index.php\/wp-json\/wp\/v2\/product"}],"about":[{"href":"https:\/\/canariasmuebles.com\/index.php\/wp-json\/wp\/v2\/types\/product"}],"replies":[{"embeddable":true,"href":"https:\/\/canariasmuebles.com\/index.php\/wp-json\/wp\/v2\/comments?post=29136"}],"wp:featuredmedia":[{"embeddable":true,"href":"https:\/\/canariasmuebles.com\/index.php\/wp-json\/wp\/v2\/media\/29145"}],"wp:attachment":[{"href":"https:\/\/canariasmuebles.com\/index.php\/wp-json\/wp\/v2\/media?parent=29136"}],"wp:term":[{"taxonomy":"product_cat","embeddable":true,"href":"https:\/\/canariasmuebles.com\/index.php\/wp-json\/wp\/v2\/product_cat?post=29136"},{"taxonomy":"product_tag","embeddable":true,"href":"https:\/\/canariasmuebles.com\/index.php\/wp-json\/wp\/v2\/product_tag?post=29136"}],"curies":[{"name":"wp","href":"https:\/\/api.w.org\/{rel}","templated":true}]}}