{"id":29149,"date":"2024-07-04T18:24:21","date_gmt":"2024-07-04T16:24:21","guid":{"rendered":"https:\/\/canariasmuebles.com\/?post_type=product&#038;p=29149"},"modified":"2024-07-04T18:24:21","modified_gmt":"2024-07-04T16:24:21","slug":"sofa-chaiselongue-electrico-monaco","status":"publish","type":"product","link":"https:\/\/canariasmuebles.com\/index.php\/product\/sofa-chaiselongue-electrico-monaco\/","title":{"rendered":"SOFA CHAISELONGUE ELECTRICO MONACO"},"content":{"rendered":"<p>El sof\u00e1 chaiselongue el\u00e9ctrico con 2 motores modelo M\u00d3NACO es una excelente elecci\u00f3n para quienes buscan la combinaci\u00f3n perfecta de comodidad y funcionalidad. Disponible en una amplia gama de colores y telas, este sof\u00e1 se adapta f\u00e1cilmente a cualquier decoraci\u00f3n de interiores. Su dise\u00f1o innovador con dos motores ofrece un ajuste personalizado para un confort \u00f3ptimo, permitiendo una experiencia de relajaci\u00f3n inigualable. El modelo M\u00d3NACO no solo realza la est\u00e9tica de su hogar, sino que tambi\u00e9n proporciona un lugar ideal para el descanso y la relajaci\u00f3n diarios.<\/p>\n","protected":false},"excerpt":{"rendered":"<p>El sof\u00e1 chaiselongue el\u00e9ctrico con 2 motores modelo M\u00d3NACO es una excelente elecci\u00f3n para quienes buscan la combinaci\u00f3n perfecta de comodidad y funcionalidad. Disponible en una amplia gama de colores y telas, este sof\u00e1 se adapta f\u00e1cilmente a cualquier decoraci\u00f3n de interiores. Su dise\u00f1o innovador con dos motores ofrece un ajuste personalizado para un confort \u00f3ptimo, permitiendo una experiencia de relajaci\u00f3n inigualable. El modelo M\u00d3NACO no solo realza la est\u00e9tica de su hogar, sino que tambi\u00e9n proporciona un lugar ideal para el descanso y la relajaci\u00f3n diarios.<\/p>\n","protected":false},"featured_media":29150,"comment_status":"open","ping_status":"closed","template":"","meta":[],"product_cat":[105,154],"product_tag":[],"aioseo_notices":[],"_links":{"self":[{"href":"https:\/\/canariasmuebles.com\/index.php\/wp-json\/wp\/v2\/product\/29149"}],"collection":[{"href":"https:\/\/canariasmuebles.com\/index.php\/wp-json\/wp\/v2\/product"}],"about":[{"href":"https:\/\/canariasmuebles.com\/index.php\/wp-json\/wp\/v2\/types\/product"}],"replies":[{"embeddable":true,"href":"https:\/\/canariasmuebles.com\/index.php\/wp-json\/wp\/v2\/comments?post=29149"}],"wp:featuredmedia":[{"embeddable":true,"href":"https:\/\/canariasmuebles.com\/index.php\/wp-json\/wp\/v2\/media\/29150"}],"wp:attachment":[{"href":"https:\/\/canariasmuebles.com\/index.php\/wp-json\/wp\/v2\/media?parent=29149"}],"wp:term":[{"taxonomy":"product_cat","embeddable":true,"href":"https:\/\/canariasmuebles.com\/index.php\/wp-json\/wp\/v2\/product_cat?post=29149"},{"taxonomy":"product_tag","embeddable":true,"href":"https:\/\/canariasmuebles.com\/index.php\/wp-json\/wp\/v2\/product_tag?post=29149"}],"curies":[{"name":"wp","href":"https:\/\/api.w.org\/{rel}","templated":true}]}}