{"id":29177,"date":"2024-07-04T18:47:01","date_gmt":"2024-07-04T16:47:01","guid":{"rendered":"https:\/\/canariasmuebles.com\/?post_type=product&#038;p=29177"},"modified":"2024-07-04T18:47:02","modified_gmt":"2024-07-04T16:47:02","slug":"moon-chaise-u-terminal","status":"publish","type":"product","link":"https:\/\/canariasmuebles.com\/index.php\/product\/moon-chaise-u-terminal\/","title":{"rendered":"MOON CHAISE U TERMINAL"},"content":{"rendered":"<p>El sof\u00e1 chaiselongue modelo MOON CHAISE U TERMINAL es una opci\u00f3n excepcional para quienes buscan un equilibrio perfecto entre estilo, comodidad y funcionalidad. Su dise\u00f1o desenfundable, con cremalleras en todas las partes excepto el armaz\u00f3n, facilita el mantenimiento y la limpieza. La estructura robusta de madera de pino y tablero de part\u00edculas, junto con las patas met\u00e1licas, asegura durabilidad y estabilidad. La base del asiento con muelles met\u00e1licos zig-zag y el respaldo cinchado ofrecen un soporte \u00f3ptimo y confortable. Las almohadas de asiento de espuma de 30 Kg\/m\u00b3 y la fibra hueca de poli\u00e9ster siliconizada de alta recuperaci\u00f3n proporcionan un confort superior y duradero. Adem\u00e1s, el tejido antimanchas disponible en varios colores permite una f\u00e1cil adaptaci\u00f3n a cualquier estilo decorativo. El modelo MOON CHAISE U TERMINAL no solo mejora la est\u00e9tica de su hogar, sino que tambi\u00e9n ofrece una soluci\u00f3n pr\u00e1ctica y c\u00f3moda para el descanso diario.<\/p>\n","protected":false},"excerpt":{"rendered":"<p>El sof\u00e1 chaiselongue modelo MOON CHAISE U TERMINAL es una opci\u00f3n excepcional para quienes buscan un equilibrio perfecto entre estilo, comodidad y funcionalidad. Su dise\u00f1o desenfundable, con cremalleras en todas las partes excepto el armaz\u00f3n, facilita el mantenimiento y la limpieza. La estructura robusta de madera de pino y tablero de part\u00edculas, junto con las patas met\u00e1licas, asegura durabilidad y estabilidad. La base del asiento con muelles met\u00e1licos zig-zag y el respaldo cinchado ofrecen un soporte \u00f3ptimo y confortable. Las almohadas de asiento de espuma de 30 Kg\/m\u00b3 y la fibra hueca de poli\u00e9ster siliconizada de alta recuperaci\u00f3n proporcionan un confort superior y duradero. Adem\u00e1s, el tejido antimanchas disponible en varios colores permite una f\u00e1cil adaptaci\u00f3n a cualquier estilo decorativo. El modelo MOON CHAISE U TERMINAL no solo mejora la est\u00e9tica de su hogar, sino que tambi\u00e9n ofrece una soluci\u00f3n pr\u00e1ctica y c\u00f3moda para el descanso diario.<\/p>\n","protected":false},"featured_media":29179,"comment_status":"open","ping_status":"closed","template":"","meta":[],"product_cat":[105,154],"product_tag":[],"aioseo_notices":[],"_links":{"self":[{"href":"https:\/\/canariasmuebles.com\/index.php\/wp-json\/wp\/v2\/product\/29177"}],"collection":[{"href":"https:\/\/canariasmuebles.com\/index.php\/wp-json\/wp\/v2\/product"}],"about":[{"href":"https:\/\/canariasmuebles.com\/index.php\/wp-json\/wp\/v2\/types\/product"}],"replies":[{"embeddable":true,"href":"https:\/\/canariasmuebles.com\/index.php\/wp-json\/wp\/v2\/comments?post=29177"}],"wp:featuredmedia":[{"embeddable":true,"href":"https:\/\/canariasmuebles.com\/index.php\/wp-json\/wp\/v2\/media\/29179"}],"wp:attachment":[{"href":"https:\/\/canariasmuebles.com\/index.php\/wp-json\/wp\/v2\/media?parent=29177"}],"wp:term":[{"taxonomy":"product_cat","embeddable":true,"href":"https:\/\/canariasmuebles.com\/index.php\/wp-json\/wp\/v2\/product_cat?post=29177"},{"taxonomy":"product_tag","embeddable":true,"href":"https:\/\/canariasmuebles.com\/index.php\/wp-json\/wp\/v2\/product_tag?post=29177"}],"curies":[{"name":"wp","href":"https:\/\/api.w.org\/{rel}","templated":true}]}}