{"id":29183,"date":"2024-07-04T18:51:48","date_gmt":"2024-07-04T16:51:48","guid":{"rendered":"https:\/\/canariasmuebles.com\/?post_type=product&#038;p=29183"},"modified":"2024-07-04T18:51:48","modified_gmt":"2024-07-04T16:51:48","slug":"urus-3p-chaiselongue-rinco","status":"publish","type":"product","link":"https:\/\/canariasmuebles.com\/index.php\/product\/urus-3p-chaiselongue-rinco\/","title":{"rendered":"URUS 3P + CHAISELONGUE RINCO"},"content":{"rendered":"<p>El sof\u00e1 URUS 3P + Chaiselongue Rinco es la elecci\u00f3n perfecta para quienes buscan confort y calidad en un dise\u00f1o contempor\u00e1neo. Con un s\u00f3lido armaz\u00f3n de pino gallego y tablero de part\u00edculas, garantiza durabilidad y estabilidad. Los asientos de goma espuma sandwich D-30 kg combinados con espuma suave supersoft ofrecen un soporte c\u00f3modo y ergon\u00f3mico. Los respaldos y cojines rellenos de fibra 100% proporcionan un confort adicional y una sensaci\u00f3n acogedora. El bastidor con cincha tipo nea asegura una resistencia \u00f3ptima y duradera. Adem\u00e1s, los pies tac\u00f3n en negro no solo a\u00f1aden estilo, sino tambi\u00e9n estabilidad al conjunto. El modelo URUS 3P + Chaiselongue Rinco es una opci\u00f3n ideal para disfrutar de momentos de relajaci\u00f3n y confort en cualquier espacio del hogar.<\/p>\n<p>&nbsp;<\/p>\n<h3>Caracter\u00edsticas T\u00e9cnicas del Sof\u00e1 URUS 3P + Chaiselongue Rinco<\/h3>\n<ul>\n<li><strong>Armaz\u00f3n<\/strong>: Pino gallego y costados de tablero de part\u00edculas.<\/li>\n<li><strong>Asientos<\/strong>: Goma espuma sandwich D-30 kg y supersoft espuma suave.<\/li>\n<li><strong>Respaldos y Cojines<\/strong>: Fibra 100%.<\/li>\n<li><strong>Bastidor<\/strong>: Cincha tipo nea.<\/li>\n<li><strong>Pies<\/strong>: Tac\u00f3n en negro de 12 cm de altura.<\/li>\n<\/ul>\n","protected":false},"excerpt":{"rendered":"<p>El sof\u00e1 URUS 3P + Chaiselongue Rinco es la elecci\u00f3n perfecta para quienes buscan confort y calidad en un dise\u00f1o contempor\u00e1neo. Con un s\u00f3lido armaz\u00f3n de pino gallego y tablero de part\u00edculas, garantiza durabilidad y estabilidad. Los asientos de goma espuma sandwich D-30 kg combinados con espuma suave supersoft ofrecen un soporte c\u00f3modo y ergon\u00f3mico. Los respaldos y cojines rellenos de fibra 100% proporcionan un confort adicional y una sensaci\u00f3n acogedora. El bastidor con cincha tipo nea asegura una resistencia \u00f3ptima y duradera. Adem\u00e1s, los pies tac\u00f3n en negro no solo a\u00f1aden estilo, sino tambi\u00e9n estabilidad al conjunto. El modelo URUS 3P + Chaiselongue Rinco es una opci\u00f3n ideal para disfrutar de momentos de relajaci\u00f3n y confort en cualquier espacio del hogar.<\/p>\n<p>&nbsp;<\/p>\n<h3>Caracter\u00edsticas T\u00e9cnicas del Sof\u00e1 URUS 3P + Chaiselongue Rinco<\/h3>\n<ul>\n<li><strong>Armaz\u00f3n<\/strong>: Pino gallego y costados de tablero de part\u00edculas.<\/li>\n<li><strong>Asientos<\/strong>: Goma espuma sandwich D-30 kg y supersoft espuma suave.<\/li>\n<li><strong>Respaldos y Cojines<\/strong>: Fibra 100%.<\/li>\n<li><strong>Bastidor<\/strong>: Cincha tipo nea.<\/li>\n<li><strong>Pies<\/strong>: Tac\u00f3n en negro de 12 cm de altura.<\/li>\n<\/ul>\n","protected":false},"featured_media":29185,"comment_status":"open","ping_status":"closed","template":"","meta":[],"product_cat":[105,154],"product_tag":[],"aioseo_notices":[],"_links":{"self":[{"href":"https:\/\/canariasmuebles.com\/index.php\/wp-json\/wp\/v2\/product\/29183"}],"collection":[{"href":"https:\/\/canariasmuebles.com\/index.php\/wp-json\/wp\/v2\/product"}],"about":[{"href":"https:\/\/canariasmuebles.com\/index.php\/wp-json\/wp\/v2\/types\/product"}],"replies":[{"embeddable":true,"href":"https:\/\/canariasmuebles.com\/index.php\/wp-json\/wp\/v2\/comments?post=29183"}],"wp:featuredmedia":[{"embeddable":true,"href":"https:\/\/canariasmuebles.com\/index.php\/wp-json\/wp\/v2\/media\/29185"}],"wp:attachment":[{"href":"https:\/\/canariasmuebles.com\/index.php\/wp-json\/wp\/v2\/media?parent=29183"}],"wp:term":[{"taxonomy":"product_cat","embeddable":true,"href":"https:\/\/canariasmuebles.com\/index.php\/wp-json\/wp\/v2\/product_cat?post=29183"},{"taxonomy":"product_tag","embeddable":true,"href":"https:\/\/canariasmuebles.com\/index.php\/wp-json\/wp\/v2\/product_tag?post=29183"}],"curies":[{"name":"wp","href":"https:\/\/api.w.org\/{rel}","templated":true}]}}