{"id":29188,"date":"2024-07-04T22:13:01","date_gmt":"2024-07-04T20:13:01","guid":{"rendered":"https:\/\/canariasmuebles.com\/?post_type=product&#038;p=29188"},"modified":"2024-07-04T22:23:04","modified_gmt":"2024-07-04T20:23:04","slug":"29188","status":"publish","type":"product","link":"https:\/\/canariasmuebles.com\/index.php\/product\/29188\/","title":{"rendered":"KARYNA"},"content":{"rendered":"<p>El sof\u00e1 fijo de 2 plazas en cuero modelo KARYNA es la elecci\u00f3n ideal para quienes buscan un toque de elegancia y sofisticaci\u00f3n en su hogar. Fabricado con cuero de alta calidad, este sof\u00e1 no solo ofrece durabilidad, sino tambi\u00e9n un aspecto lujoso que complementa cualquier estilo de decoraci\u00f3n. Disponible en una variedad de colores, permite una f\u00e1cil adaptaci\u00f3n a diferentes ambientes y preferencias personales. El modelo KARYNA combina perfectamente el confort con un dise\u00f1o moderno, haciendo de este sof\u00e1 una pieza central en cualquier sala de estar.<\/p>\n","protected":false},"excerpt":{"rendered":"<p>El sof\u00e1 fijo de 2 plazas en cuero modelo KARYNA es la elecci\u00f3n ideal para quienes buscan un toque de elegancia y sofisticaci\u00f3n en su hogar. Fabricado con cuero de alta calidad, este sof\u00e1 no solo ofrece durabilidad, sino tambi\u00e9n un aspecto lujoso que complementa cualquier estilo de decoraci\u00f3n. Disponible en una variedad de colores, permite una f\u00e1cil adaptaci\u00f3n a diferentes ambientes y preferencias personales. El modelo KARYNA combina perfectamente el confort con un dise\u00f1o moderno, haciendo de este sof\u00e1 una pieza central en cualquier sala de estar.<\/p>\n","protected":false},"featured_media":29190,"comment_status":"open","ping_status":"closed","template":"","meta":[],"product_cat":[156,78],"product_tag":[],"aioseo_notices":[],"_links":{"self":[{"href":"https:\/\/canariasmuebles.com\/index.php\/wp-json\/wp\/v2\/product\/29188"}],"collection":[{"href":"https:\/\/canariasmuebles.com\/index.php\/wp-json\/wp\/v2\/product"}],"about":[{"href":"https:\/\/canariasmuebles.com\/index.php\/wp-json\/wp\/v2\/types\/product"}],"replies":[{"embeddable":true,"href":"https:\/\/canariasmuebles.com\/index.php\/wp-json\/wp\/v2\/comments?post=29188"}],"wp:featuredmedia":[{"embeddable":true,"href":"https:\/\/canariasmuebles.com\/index.php\/wp-json\/wp\/v2\/media\/29190"}],"wp:attachment":[{"href":"https:\/\/canariasmuebles.com\/index.php\/wp-json\/wp\/v2\/media?parent=29188"}],"wp:term":[{"taxonomy":"product_cat","embeddable":true,"href":"https:\/\/canariasmuebles.com\/index.php\/wp-json\/wp\/v2\/product_cat?post=29188"},{"taxonomy":"product_tag","embeddable":true,"href":"https:\/\/canariasmuebles.com\/index.php\/wp-json\/wp\/v2\/product_tag?post=29188"}],"curies":[{"name":"wp","href":"https:\/\/api.w.org\/{rel}","templated":true}]}}