{"id":29194,"date":"2024-07-04T22:22:25","date_gmt":"2024-07-04T20:22:25","guid":{"rendered":"https:\/\/canariasmuebles.com\/?post_type=product&#038;p=29194"},"modified":"2024-07-04T22:22:25","modified_gmt":"2024-07-04T20:22:25","slug":"moon-3p-chaiselongue","status":"publish","type":"product","link":"https:\/\/canariasmuebles.com\/index.php\/product\/moon-3p-chaiselongue\/","title":{"rendered":"MOON 3P + CHAISELONGUE"},"content":{"rendered":"<p>El sof\u00e1 MOON 3P + Chaiselongue ofrece una combinaci\u00f3n excepcional de comodidad, funcionalidad y estilo para tu hogar. Su dise\u00f1o desenfundable con cremalleras en todas las partes, excepto el armaz\u00f3n, facilita la limpieza y el mantenimiento. El armaz\u00f3n robusto de madera de pino y tablero de part\u00edculas, junto con las patas met\u00e1licas, garantiza estabilidad y durabilidad a largo plazo. Los asientos con muelle met\u00e1lico zig-zag y el respaldo cinchado proporcionan un soporte ergon\u00f3mico y confortable. Adem\u00e1s, el relleno de fibra hueca de poli\u00e9ster siliconizada de alta recuperaci\u00f3n asegura una sensaci\u00f3n acogedora y duradera. Las almohadas de asiento con bloque de espuma de 30 Kg\/m\u00b3 ofrecen confort adicional y firmeza. El tejido antimanchas, disponible en una amplia gama de colores, no solo es pr\u00e1ctico sino que tambi\u00e9n complementa cualquier decoraci\u00f3n interior. Con el sof\u00e1 MOON 3P + Chaiselongue, transforma tu sala de estar en un espacio de confort y estilo sin comprometer la funcionalidad ni la elegancia.<\/p>\n<p>&nbsp;<\/p>\n<h3>Caracter\u00edsticas T\u00e9cnicas del Sof\u00e1 MOON 3P + Chaiselongue<\/h3>\n<ul>\n<li><strong>Desenfundable<\/strong>: Todo con cremallera excepto el armaz\u00f3n.<\/li>\n<li><strong>Armaz\u00f3n<\/strong>: Madera de pino y tablero de part\u00edculas.<\/li>\n<li><strong>Patas<\/strong>: Met\u00e1licas.<\/li>\n<li><strong>Base Asiento<\/strong>: Muelle met\u00e1lico zig-zag.<\/li>\n<li><strong>Base Respaldo<\/strong>: Cinchado.<\/li>\n<li><strong>Relleno<\/strong>: Fibra hueca de poli\u00e9ster siliconizada de alta recuperaci\u00f3n, embolsada con fundas de tejido sin tejer y cerrado con cremallera.<\/li>\n<li><strong>Almohadas de asiento<\/strong>: Bloque de espuma de 30 Kg\/m\u00b3.<\/li>\n<li><strong>Tejido<\/strong>: Tela antimanchas disponible en varios colores.<\/li>\n<\/ul>\n","protected":false},"excerpt":{"rendered":"<p>El sof\u00e1 MOON 3P + Chaiselongue ofrece una combinaci\u00f3n excepcional de comodidad, funcionalidad y estilo para tu hogar. Su dise\u00f1o desenfundable con cremalleras en todas las partes, excepto el armaz\u00f3n, facilita la limpieza y el mantenimiento. El armaz\u00f3n robusto de madera de pino y tablero de part\u00edculas, junto con las patas met\u00e1licas, garantiza estabilidad y durabilidad a largo plazo. Los asientos con muelle met\u00e1lico zig-zag y el respaldo cinchado proporcionan un soporte ergon\u00f3mico y confortable. Adem\u00e1s, el relleno de fibra hueca de poli\u00e9ster siliconizada de alta recuperaci\u00f3n asegura una sensaci\u00f3n acogedora y duradera. Las almohadas de asiento con bloque de espuma de 30 Kg\/m\u00b3 ofrecen confort adicional y firmeza. El tejido antimanchas, disponible en una amplia gama de colores, no solo es pr\u00e1ctico sino que tambi\u00e9n complementa cualquier decoraci\u00f3n interior. Con el sof\u00e1 MOON 3P + Chaiselongue, transforma tu sala de estar en un espacio de confort y estilo sin comprometer la funcionalidad ni la elegancia.<\/p>\n<p>&nbsp;<\/p>\n<h3>Caracter\u00edsticas T\u00e9cnicas del Sof\u00e1 MOON 3P + Chaiselongue<\/h3>\n<ul>\n<li><strong>Desenfundable<\/strong>: Todo con cremallera excepto el armaz\u00f3n.<\/li>\n<li><strong>Armaz\u00f3n<\/strong>: Madera de pino y tablero de part\u00edculas.<\/li>\n<li><strong>Patas<\/strong>: Met\u00e1licas.<\/li>\n<li><strong>Base Asiento<\/strong>: Muelle met\u00e1lico zig-zag.<\/li>\n<li><strong>Base Respaldo<\/strong>: Cinchado.<\/li>\n<li><strong>Relleno<\/strong>: Fibra hueca de poli\u00e9ster siliconizada de alta recuperaci\u00f3n, embolsada con fundas de tejido sin tejer y cerrado con cremallera.<\/li>\n<li><strong>Almohadas de asiento<\/strong>: Bloque de espuma de 30 Kg\/m\u00b3.<\/li>\n<li><strong>Tejido<\/strong>: Tela antimanchas disponible en varios colores.<\/li>\n<\/ul>\n","protected":false},"featured_media":29199,"comment_status":"open","ping_status":"closed","template":"","meta":[],"product_cat":[105,154],"product_tag":[],"aioseo_notices":[],"_links":{"self":[{"href":"https:\/\/canariasmuebles.com\/index.php\/wp-json\/wp\/v2\/product\/29194"}],"collection":[{"href":"https:\/\/canariasmuebles.com\/index.php\/wp-json\/wp\/v2\/product"}],"about":[{"href":"https:\/\/canariasmuebles.com\/index.php\/wp-json\/wp\/v2\/types\/product"}],"replies":[{"embeddable":true,"href":"https:\/\/canariasmuebles.com\/index.php\/wp-json\/wp\/v2\/comments?post=29194"}],"wp:featuredmedia":[{"embeddable":true,"href":"https:\/\/canariasmuebles.com\/index.php\/wp-json\/wp\/v2\/media\/29199"}],"wp:attachment":[{"href":"https:\/\/canariasmuebles.com\/index.php\/wp-json\/wp\/v2\/media?parent=29194"}],"wp:term":[{"taxonomy":"product_cat","embeddable":true,"href":"https:\/\/canariasmuebles.com\/index.php\/wp-json\/wp\/v2\/product_cat?post=29194"},{"taxonomy":"product_tag","embeddable":true,"href":"https:\/\/canariasmuebles.com\/index.php\/wp-json\/wp\/v2\/product_tag?post=29194"}],"curies":[{"name":"wp","href":"https:\/\/api.w.org\/{rel}","templated":true}]}}