{"id":29204,"date":"2024-07-04T22:28:34","date_gmt":"2024-07-04T20:28:34","guid":{"rendered":"https:\/\/canariasmuebles.com\/?post_type=product&#038;p=29204"},"modified":"2024-07-04T22:32:51","modified_gmt":"2024-07-04T20:32:51","slug":"sofa-2-plazas-valdini","status":"publish","type":"product","link":"https:\/\/canariasmuebles.com\/index.php\/product\/sofa-2-plazas-valdini\/","title":{"rendered":"SOFA 2 PLAZAS VALDINI"},"content":{"rendered":"<div id=\"product-description-short-2102\" class=\"rte-content product-description\">\n<p>El Sof\u00e1 Valdini combina robustez y confort en un dise\u00f1o cuidadosamente elaborado para satisfacer las necesidades de cualquier espacio. Con su esqueleto en madera de pino y tablero aglomerado, asegura una base s\u00f3lida que perdura en el tiempo, ideal tanto para hogares como para entornos de trabajo. Las cinchas el\u00e1sticas de 60 mm integradas ofrecen un soporte excepcional, mientras que los asientos acolchados con goma de alta densidad y fibra garantizan una experiencia de descanso c\u00f3moda y ergon\u00f3mica. Los respaldos rellenos de fibra y goma complementan este confort con un apoyo adicional. Adem\u00e1s, las elegantes patas delanteras de madera wengu\u00e9 a\u00f1aden un toque de estilo, combinado con la estabilidad de las patas traseras de pl\u00e1stico. Con el Sof\u00e1 Valdini, cada momento de descanso se convierte en un placer para disfrutar al m\u00e1ximo.<\/p>\n<p><strong>Medidas:\u00a0<\/strong>L145 x F95 x A100 cm<\/p>\n<\/div>\n<ul>\n<li><strong>Esqueleto<\/strong>: Fabricado en madera de pino y tablero aglomerado para m\u00e1xima resistencia y durabilidad.<\/li>\n<li><strong>Cinchas el\u00e1sticas<\/strong>: Integradas con un ancho de 60 mm para un soporte excepcional y confort adicional.<\/li>\n<li><strong>Asientos<\/strong>: Acolchados con goma de alta densidad (25 kg) y fibra, proporcionando un confort \u00f3ptimo y duradero.<\/li>\n<li><strong>Respaldos<\/strong>: Rellenos de una mezcla de fibra y goma para un apoyo ergon\u00f3mico y confortable.<\/li>\n<li><strong>Patas<\/strong>: Delanteras de madera wengu\u00e9 para elegancia y traseras de pl\u00e1stico para estabilidad.<\/li>\n<\/ul>\n<div class=\"product-actions\">\n<form id=\"add-to-cart-or-refresh\" action=\"https:\/\/arehogar.es\/carrito\" method=\"post\">\n<div class=\"product-variants\"><\/div>\n<div class=\"product-add-to-cart pt-3\">\n<div class=\"row extra-small-gutters product-quantity \">\n<div class=\"col col-12 col-sm-auto col-add-qty\">\n<div class=\"qty \">\n<div class=\"input-group bootstrap-touchspin\"><\/div>\n<\/div>\n<\/div>\n<\/div>\n<\/div>\n<\/form>\n<\/div>\n","protected":false},"excerpt":{"rendered":"<div>\n<p>El Sof\u00e1 Valdini combina robustez y confort en un dise\u00f1o cuidadosamente elaborado para satisfacer las necesidades de cualquier espacio. Con su esqueleto en madera de pino y tablero aglomerado, asegura una base s\u00f3lida que perdura en el tiempo, ideal tanto para hogares como para entornos de trabajo. Las cinchas el\u00e1sticas de 60 mm integradas ofrecen un soporte excepcional, mientras que los asientos acolchados con goma de alta densidad y fibra garantizan una experiencia de descanso c\u00f3moda y ergon\u00f3mica. Los respaldos rellenos de fibra y goma complementan este confort con un apoyo adicional. Adem\u00e1s, las elegantes patas delanteras de madera wengu\u00e9 a\u00f1aden un toque de estilo, combinado con la estabilidad de las patas traseras de pl\u00e1stico. Con el Sof\u00e1 Valdini, cada momento de descanso se convierte en un placer para disfrutar al m\u00e1ximo.<\/p>\n<p><strong>Medidas:\u00a0<\/strong>L145 x F95 x A100 cm<\/p>\n<\/div>\n<ul>\n<li><strong>Esqueleto<\/strong>: Fabricado en madera de pino y tablero aglomerado para m\u00e1xima resistencia y durabilidad.<\/li>\n<li><strong>Cinchas el\u00e1sticas<\/strong>: Integradas con un ancho de 60 mm para un soporte excepcional y confort adicional.<\/li>\n<li><strong>Asientos<\/strong>: Acolchados con goma de alta densidad (25 kg) y fibra, proporcionando un confort \u00f3ptimo y duradero.<\/li>\n<li><strong>Respaldos<\/strong>: Rellenos de una mezcla de fibra y goma para un apoyo ergon\u00f3mico y confortable.<\/li>\n<li><strong>Patas<\/strong>: Delanteras de madera wengu\u00e9 para elegancia y traseras de pl\u00e1stico para estabilidad.<\/li>\n<\/ul>\n<p><!--more--><\/p>\n","protected":false},"featured_media":29205,"comment_status":"open","ping_status":"closed","template":"","meta":[],"product_cat":[156,78],"product_tag":[],"aioseo_notices":[],"_links":{"self":[{"href":"https:\/\/canariasmuebles.com\/index.php\/wp-json\/wp\/v2\/product\/29204"}],"collection":[{"href":"https:\/\/canariasmuebles.com\/index.php\/wp-json\/wp\/v2\/product"}],"about":[{"href":"https:\/\/canariasmuebles.com\/index.php\/wp-json\/wp\/v2\/types\/product"}],"replies":[{"embeddable":true,"href":"https:\/\/canariasmuebles.com\/index.php\/wp-json\/wp\/v2\/comments?post=29204"}],"wp:featuredmedia":[{"embeddable":true,"href":"https:\/\/canariasmuebles.com\/index.php\/wp-json\/wp\/v2\/media\/29205"}],"wp:attachment":[{"href":"https:\/\/canariasmuebles.com\/index.php\/wp-json\/wp\/v2\/media?parent=29204"}],"wp:term":[{"taxonomy":"product_cat","embeddable":true,"href":"https:\/\/canariasmuebles.com\/index.php\/wp-json\/wp\/v2\/product_cat?post=29204"},{"taxonomy":"product_tag","embeddable":true,"href":"https:\/\/canariasmuebles.com\/index.php\/wp-json\/wp\/v2\/product_tag?post=29204"}],"curies":[{"name":"wp","href":"https:\/\/api.w.org\/{rel}","templated":true}]}}