{"id":29207,"date":"2024-07-04T22:31:31","date_gmt":"2024-07-04T20:31:31","guid":{"rendered":"https:\/\/canariasmuebles.com\/?post_type=product&#038;p=29207"},"modified":"2024-07-04T22:31:31","modified_gmt":"2024-07-04T20:31:31","slug":"sofa-3-plazas-valdini","status":"publish","type":"product","link":"https:\/\/canariasmuebles.com\/index.php\/product\/sofa-3-plazas-valdini\/","title":{"rendered":"SOFA 3 PLAZAS VALDINI"},"content":{"rendered":"<p>El Sof\u00e1 Valdini combina robustez y elegancia en un dise\u00f1o fabricado con esmero. Su s\u00f3lido esqueleto de madera de pino y tablero aglomerado garantiza una excepcional durabilidad y estabilidad a lo largo del tiempo, convirti\u00e9ndolo en una inversi\u00f3n segura para cualquier hogar u oficina. Las cinchas el\u00e1sticas de 60 mm integradas en la estructura proporcionan un soporte adicional que asegura una sensaci\u00f3n de firmeza al sentarse.<\/p>\n<p>Los asientos, rellenos de goma de alta densidad (25 kg) y fibra, junto con los respaldos en una cuidada mezcla de fibra y goma, ofrecen una experiencia de descanso sumamente confortable. Adem\u00e1s, las elegantes patas delanteras de madera wengu\u00e9 a\u00f1aden un toque de estilo, mientras que las traseras de pl\u00e1stico garantizan una \u00f3ptima estabilidad.<\/p>\n<p>Medidas: L180 x F85 x A98 cm<\/p>\n","protected":false},"excerpt":{"rendered":"<p>El Sof\u00e1 Valdini combina robustez y elegancia en un dise\u00f1o fabricado con esmero. Su s\u00f3lido esqueleto de madera de pino y tablero aglomerado garantiza una excepcional durabilidad y estabilidad a lo largo del tiempo, convirti\u00e9ndolo en una inversi\u00f3n segura para cualquier hogar u oficina. Las cinchas el\u00e1sticas de 60 mm integradas en la estructura proporcionan un soporte adicional que asegura una sensaci\u00f3n de firmeza al sentarse.<\/p>\n<p>Los asientos, rellenos de goma de alta densidad (25 kg) y fibra, junto con los respaldos en una cuidada mezcla de fibra y goma, ofrecen una experiencia de descanso sumamente confortable. Adem\u00e1s, las elegantes patas delanteras de madera wengu\u00e9 a\u00f1aden un toque de estilo, mientras que las traseras de pl\u00e1stico garantizan una \u00f3ptima estabilidad.<\/p>\n<p>Medidas: L180 x F85 x A98 cm<\/p>\n","protected":false},"featured_media":29208,"comment_status":"open","ping_status":"closed","template":"","meta":[],"product_cat":[155,78],"product_tag":[],"aioseo_notices":[],"_links":{"self":[{"href":"https:\/\/canariasmuebles.com\/index.php\/wp-json\/wp\/v2\/product\/29207"}],"collection":[{"href":"https:\/\/canariasmuebles.com\/index.php\/wp-json\/wp\/v2\/product"}],"about":[{"href":"https:\/\/canariasmuebles.com\/index.php\/wp-json\/wp\/v2\/types\/product"}],"replies":[{"embeddable":true,"href":"https:\/\/canariasmuebles.com\/index.php\/wp-json\/wp\/v2\/comments?post=29207"}],"wp:featuredmedia":[{"embeddable":true,"href":"https:\/\/canariasmuebles.com\/index.php\/wp-json\/wp\/v2\/media\/29208"}],"wp:attachment":[{"href":"https:\/\/canariasmuebles.com\/index.php\/wp-json\/wp\/v2\/media?parent=29207"}],"wp:term":[{"taxonomy":"product_cat","embeddable":true,"href":"https:\/\/canariasmuebles.com\/index.php\/wp-json\/wp\/v2\/product_cat?post=29207"},{"taxonomy":"product_tag","embeddable":true,"href":"https:\/\/canariasmuebles.com\/index.php\/wp-json\/wp\/v2\/product_tag?post=29207"}],"curies":[{"name":"wp","href":"https:\/\/api.w.org\/{rel}","templated":true}]}}