{"id":29212,"date":"2024-07-04T22:52:27","date_gmt":"2024-07-04T20:52:27","guid":{"rendered":"https:\/\/canariasmuebles.com\/?post_type=product&#038;p=29212"},"modified":"2024-07-04T22:52:27","modified_gmt":"2024-07-04T20:52:27","slug":"sofa-2-plazas-yuque","status":"publish","type":"product","link":"https:\/\/canariasmuebles.com\/index.php\/product\/sofa-2-plazas-yuque\/","title":{"rendered":"SOFA 2 PLAZAS YUQUE"},"content":{"rendered":"<p>El Sof\u00e1 Yuque destaca por su dise\u00f1o contempor\u00e1neo que combina l\u00edneas limpias y detalles sutiles, aportando un aire de modernidad y elegancia a cualquier espacio de tu hogar. Su versatilidad en tonos neutros permite integrarlo f\u00e1cilmente con diversas paletas de colores y estilos decorativos.<\/p>\n<p>Ya sea que dispongas de un sal\u00f3n amplio o un espacio m\u00e1s reducido, el Sof\u00e1 Yuque est\u00e1 disponible en opciones de 3 plazas, 2 plazas o ambas, adapt\u00e1ndose perfectamente a tus necesidades y preferencias.<\/p>\n<h3>Caracter\u00edsticas T\u00e9cnicas:<\/h3>\n<ul>\n<li><strong>Esqueleto<\/strong>: Fabricado en madera de pino y tablero aglomerado para m\u00e1xima resistencia y durabilidad.<\/li>\n<li><strong>Cinchas el\u00e1sticas<\/strong>: Integradas con un ancho de 60 mm para soporte adicional y confort.<\/li>\n<li><strong>Asientos<\/strong>: Rellenos de goma de alta densidad (24 kg) con fibra, garantizando comodidad y firmeza.<\/li>\n<li><strong>Respaldos<\/strong>: Confeccionados en fibra para un apoyo ergon\u00f3mico.<\/li>\n<li><strong>Patas<\/strong>: De pl\u00e1stico, ofreciendo estabilidad sin comprometer el estilo.<\/li>\n<li><strong>Tapizado<\/strong>: Tela antimanchas para una f\u00e1cil limpieza y mantenimiento.<\/li>\n<\/ul>\n<h3>Medidas: L140 x F85 x A98 cm<\/h3>\n","protected":false},"excerpt":{"rendered":"<p>El Sof\u00e1 Yuque destaca por su dise\u00f1o contempor\u00e1neo que combina l\u00edneas limpias y detalles sutiles, aportando un aire de modernidad y elegancia a cualquier espacio de tu hogar. Su versatilidad en tonos neutros permite integrarlo f\u00e1cilmente con diversas paletas de colores y estilos decorativos.<\/p>\n<p>Ya sea que dispongas de un sal\u00f3n amplio o un espacio m\u00e1s reducido, el Sof\u00e1 Yuque est\u00e1 disponible en opciones de 3 plazas, 2 plazas o ambas, adapt\u00e1ndose perfectamente a tus necesidades y preferencias.<\/p>\n<h3>Caracter\u00edsticas T\u00e9cnicas:<\/h3>\n<ul>\n<li><strong>Esqueleto<\/strong>: Fabricado en madera de pino y tablero aglomerado para m\u00e1xima resistencia y durabilidad.<\/li>\n<li><strong>Cinchas el\u00e1sticas<\/strong>: Integradas con un ancho de 60 mm para soporte adicional y confort.<\/li>\n<li><strong>Asientos<\/strong>: Rellenos de goma de alta densidad (24 kg) con fibra, garantizando comodidad y firmeza.<\/li>\n<li><strong>Respaldos<\/strong>: Confeccionados en fibra para un apoyo ergon\u00f3mico.<\/li>\n<li><strong>Patas<\/strong>: De pl\u00e1stico, ofreciendo estabilidad sin comprometer el estilo.<\/li>\n<li><strong>Tapizado<\/strong>: Tela antimanchas para una f\u00e1cil limpieza y mantenimiento.<\/li>\n<\/ul>\n<h3>Medidas: L140 x F85 x A98 cm<\/h3>\n","protected":false},"featured_media":29218,"comment_status":"open","ping_status":"closed","template":"","meta":[],"product_cat":[156,78],"product_tag":[],"aioseo_notices":[],"_links":{"self":[{"href":"https:\/\/canariasmuebles.com\/index.php\/wp-json\/wp\/v2\/product\/29212"}],"collection":[{"href":"https:\/\/canariasmuebles.com\/index.php\/wp-json\/wp\/v2\/product"}],"about":[{"href":"https:\/\/canariasmuebles.com\/index.php\/wp-json\/wp\/v2\/types\/product"}],"replies":[{"embeddable":true,"href":"https:\/\/canariasmuebles.com\/index.php\/wp-json\/wp\/v2\/comments?post=29212"}],"wp:featuredmedia":[{"embeddable":true,"href":"https:\/\/canariasmuebles.com\/index.php\/wp-json\/wp\/v2\/media\/29218"}],"wp:attachment":[{"href":"https:\/\/canariasmuebles.com\/index.php\/wp-json\/wp\/v2\/media?parent=29212"}],"wp:term":[{"taxonomy":"product_cat","embeddable":true,"href":"https:\/\/canariasmuebles.com\/index.php\/wp-json\/wp\/v2\/product_cat?post=29212"},{"taxonomy":"product_tag","embeddable":true,"href":"https:\/\/canariasmuebles.com\/index.php\/wp-json\/wp\/v2\/product_tag?post=29212"}],"curies":[{"name":"wp","href":"https:\/\/api.w.org\/{rel}","templated":true}]}}