{"id":29265,"date":"2024-07-18T21:17:47","date_gmt":"2024-07-18T19:17:47","guid":{"rendered":"https:\/\/canariasmuebles.com\/?post_type=product&#038;p=29265"},"modified":"2024-07-18T21:17:47","modified_gmt":"2024-07-18T19:17:47","slug":"colchon-natural","status":"publish","type":"product","link":"https:\/\/canariasmuebles.com\/index.php\/product\/colchon-natural\/","title":{"rendered":"COLCHON NATURAL"},"content":{"rendered":"<div class=\"flex flex-grow flex-col max-w-full\">\n<div class=\"min-h-[20px] text-message flex w-full flex-col items-end gap-2 whitespace-pre-wrap break-words [.text-message+&amp;]:mt-5 overflow-x-auto\" dir=\"auto\" data-message-author-role=\"assistant\" data-message-id=\"dff480c3-56b1-4999-9578-936475749360\">\n<div class=\"flex w-full flex-col gap-1 empty:hidden first:pt-[3px]\">\n<div class=\"markdown prose w-full break-words dark:prose-invert light\">\n<h2>Especificaciones T\u00e9cnicas del Colch\u00f3n de Muelle Ensacado<\/h2>\n<h3>Tipo de Colch\u00f3n<\/h3>\n<p><strong>Muelle Ensacado<\/strong>: Dise\u00f1ado con tecnolog\u00eda de muelle ensacado para proporcionar un soporte \u00f3ptimo y una adaptabilidad superior.<\/p>\n<h3>N\u00facleo<\/h3>\n<ul>\n<li><strong>Confort Class F.17 + TNT<\/strong>: Ofrece un alto nivel de confort y durabilidad, con un l\u00edmite de altura libre para mayor soporte.<\/li>\n<li><strong>N\u00famero de Muelles<\/strong>: 680 (para tama\u00f1o 150&#215;190 cm), asegurando una distribuci\u00f3n uniforme del peso.<\/li>\n<li><strong>Espuma Box 28 K<\/strong>: Proporciona una estructura s\u00f3lida y resistente.<\/li>\n<li><strong>Espuma Plancha C1<\/strong>: 28 K \/ 2.3 cm, a\u00f1ade una capa de confort y soporte.<\/li>\n<li><strong>Espuma Plancha C2<\/strong>: 28 K \/ 2.3 cm, refuerza la estructura y confort del colch\u00f3n.<\/li>\n<\/ul>\n<h3>Composici\u00f3n de la 1\u00aa Tapa<\/h3>\n<ul>\n<li><strong>Acolchado<\/strong>: Tapa a tapa, para una mayor durabilidad y confort.<\/li>\n<li><strong>Tejido<\/strong>: Stretch, ofreciendo una textura suave y el\u00e1stica.<\/li>\n<li><strong>Viscoel\u00e1stica<\/strong>: Visco de 0.5 cm, se adapta a la forma del cuerpo, aliviando puntos de presi\u00f3n.<\/li>\n<li><strong>Espuma<\/strong>: Soft de 2 cm, proporciona una mayor suavidad y confort.<\/li>\n<li><strong>Fibra<\/strong>: 420 gramos por 3 cm, mejora la transpirabilidad y el confort.<\/li>\n<li><strong>TNT<\/strong>: 30 gramos, contribuye a la durabilidad del colch\u00f3n.<\/li>\n<\/ul>\n<h3>Composici\u00f3n de la 2\u00aa Tapa<\/h3>\n<ul>\n<li><strong>Acolchado<\/strong>: Tapa a tapa, igual que la primera tapa, asegurando comodidad en ambos lados.<\/li>\n<li><strong>Tejido<\/strong>: Stretch, manteniendo la suavidad y elasticidad.<\/li>\n<li><strong>Viscoel\u00e1stica<\/strong>: Visco de 0.5 cm, ofrece el mismo alivio de presi\u00f3n.<\/li>\n<li><strong>Espuma<\/strong>: Soft de 2 cm, iguala la suavidad en ambas caras.<\/li>\n<li><strong>Fibra<\/strong>: 420 gramos por 3 cm, asegura transpirabilidad y confort.<\/li>\n<li><strong>TNT<\/strong>: 30 gramos, para una mayor durabilidad.<\/li>\n<\/ul>\n<h3>Platabanda<\/h3>\n<ul>\n<li><strong>Tejido<\/strong>: Stretch (repetido tres veces), proporcionando una apariencia uniforme y una sensaci\u00f3n suave al tacto.<\/li>\n<li><strong>Fibra<\/strong>: 240 gramos, para un soporte adicional y durabilidad.<\/li>\n<li><strong>Cinta Decorativa<\/strong>: Beige 2U, a\u00f1ade un toque est\u00e9tico elegante.<\/li>\n<li><strong>Cinta Vivo<\/strong>: Arena, complementa la est\u00e9tica del colch\u00f3n.<\/li>\n<li><strong>Asas-Tejidos<\/strong>: Stretch, facilitan el manejo del colch\u00f3n.<\/li>\n<\/ul>\n<h3>Altura Total<\/h3>\n<ul>\n<li><strong>Altura<\/strong>: 31 cm (\u00b11 cm), proporcionando una altura ideal para un descanso c\u00f3modo y ergon\u00f3mico.<\/li>\n<\/ul>\n<p>Este colch\u00f3n de muelle ensacado combina materiales de alta calidad y una construcci\u00f3n detallada para ofrecer un descanso reparador y duradero. Su dise\u00f1o cuidadosamente pensado asegura que cada componente contribuya a una experiencia de sue\u00f1o superior, adapt\u00e1ndose a tus necesidades para un descanso inigualable.<\/p>\n<\/div>\n<\/div>\n<\/div>\n<\/div>\n<div class=\"mt-1 flex gap-3 empty:hidden ml-3\">\n<div class=\"items-center justify-start rounded-xl p-1 flex\">\n<div class=\"flex items-center\"><button class=\"rounded-lg text-token-text-secondary hover:bg-token-main-surface-secondary\"><\/button><button class=\"rounded-lg text-token-text-secondary hover:bg-token-main-surface-secondary\"><\/button><button class=\"rounded-lg text-token-text-secondary hover:bg-token-main-surface-secondary\"><\/button><\/p>\n<div class=\"flex\"><\/div>\n<div class=\"flex items-center pb-0\">\n<div class=\"[&amp;_svg]:h-full [&amp;_svg]:w-full icon-md h-4 w-4\"><\/div>\n<p><span class=\"overflow-hidden text-clip whitespace-nowrap text-sm\">4o<\/span><\/div>\n<\/div>\n<\/div>\n<\/div>\n","protected":false},"excerpt":{"rendered":"<div class=\"flex flex-grow flex-col max-w-full\">\n<div class=\"min-h-[20px] text-message flex w-full flex-col items-end gap-2 whitespace-pre-wrap break-words [.text-message+&amp;]:mt-5 overflow-x-auto\" dir=\"auto\" data-message-author-role=\"assistant\" data-message-id=\"dff480c3-56b1-4999-9578-936475749360\">\n<div class=\"flex w-full flex-col gap-1 empty:hidden first:pt-[3px]\">\n<div class=\"markdown prose w-full break-words dark:prose-invert light\">\n<h2>Especificaciones T\u00e9cnicas del Colch\u00f3n de Muelle Ensacado<\/h2>\n<h3>Tipo de Colch\u00f3n<\/h3>\n<p><strong>Muelle Ensacado<\/strong>: Dise\u00f1ado con tecnolog\u00eda de muelle ensacado para proporcionar un soporte \u00f3ptimo y una adaptabilidad superior.<\/p>\n<h3>N\u00facleo<\/h3>\n<ul>\n<li><strong>Confort Class F.17 + TNT<\/strong>: Ofrece un alto nivel de confort y durabilidad, con un l\u00edmite de altura libre para mayor soporte.<\/li>\n<li><strong>N\u00famero de Muelles<\/strong>: 680 (para tama\u00f1o 150&#215;190 cm), asegurando una distribuci\u00f3n uniforme del peso.<\/li>\n<li><strong>Espuma Box 28 K<\/strong>: Proporciona una estructura s\u00f3lida y resistente.<\/li>\n<li><strong>Espuma Plancha C1<\/strong>: 28 K \/ 2.3 cm, a\u00f1ade una capa de confort y soporte.<\/li>\n<li><strong>Espuma Plancha C2<\/strong>: 28 K \/ 2.3 cm, refuerza la estructura y confort del colch\u00f3n.<\/li>\n<\/ul>\n<h3>Composici\u00f3n de la 1\u00aa Tapa<\/h3>\n<ul>\n<li><strong>Acolchado<\/strong>: Tapa a tapa, para una mayor durabilidad y confort.<\/li>\n<li><strong>Tejido<\/strong>: Stretch, ofreciendo una textura suave y el\u00e1stica.<\/li>\n<li><strong>Viscoel\u00e1stica<\/strong>: Visco de 0.5 cm, se adapta a la forma del cuerpo, aliviando puntos de presi\u00f3n.<\/li>\n<li><strong>Espuma<\/strong>: Soft de 2 cm, proporciona una mayor suavidad y confort.<\/li>\n<li><strong>Fibra<\/strong>: 420 gramos por 3 cm, mejora la transpirabilidad y el confort.<\/li>\n<li><strong>TNT<\/strong>: 30 gramos, contribuye a la durabilidad del colch\u00f3n.<\/li>\n<\/ul>\n<h3>Composici\u00f3n de la 2\u00aa Tapa<\/h3>\n<ul>\n<li><strong>Acolchado<\/strong>: Tapa a tapa, igual que la primera tapa, asegurando comodidad en ambos lados.<\/li>\n<li><strong>Tejido<\/strong>: Stretch, manteniendo la suavidad y elasticidad.<\/li>\n<li><strong>Viscoel\u00e1stica<\/strong>: Visco de 0.5 cm, ofrece el mismo alivio de presi\u00f3n.<\/li>\n<li><strong>Espuma<\/strong>: Soft de 2 cm, iguala la suavidad en ambas caras.<\/li>\n<li><strong>Fibra<\/strong>: 420 gramos por 3 cm, asegura transpirabilidad y confort.<\/li>\n<li><strong>TNT<\/strong>: 30 gramos, para una mayor durabilidad.<\/li>\n<\/ul>\n<h3>Platabanda<\/h3>\n<ul>\n<li><strong>Tejido<\/strong>: Stretch (repetido tres veces), proporcionando una apariencia uniforme y una sensaci\u00f3n suave al tacto.<\/li>\n<li><strong>Fibra<\/strong>: 240 gramos, para un soporte adicional y durabilidad.<\/li>\n<li><strong>Cinta Decorativa<\/strong>: Beige 2U, a\u00f1ade un toque est\u00e9tico elegante.<\/li>\n<li><strong>Cinta Vivo<\/strong>: Arena, complementa la est\u00e9tica del colch\u00f3n.<\/li>\n<li><strong>Asas-Tejidos<\/strong>: Stretch, facilitan el manejo del colch\u00f3n.<\/li>\n<\/ul>\n<h3>Altura Total<\/h3>\n<ul>\n<li><strong>Altura<\/strong>: 31 cm (\u00b11 cm), proporcionando una altura ideal para un descanso c\u00f3modo y ergon\u00f3mico.<\/li>\n<\/ul>\n<p>Este colch\u00f3n de muelle ensacado combina materiales de alta calidad y una construcci\u00f3n detallada para ofrecer un descanso reparador y duradero. Su dise\u00f1o cuidadosamente pensado asegura que cada componente contribuya a una experiencia de sue\u00f1o superior, adapt\u00e1ndose a tus necesidades para un descanso inigualable.<\/p>\n<\/div>\n<\/div>\n<\/div>\n<\/div>\n<div class=\"mt-1 flex gap-3 empty:hidden ml-3\">\n<div class=\"items-center justify-start rounded-xl p-1 flex\">\n<div class=\"flex items-center\"><button class=\"rounded-lg text-token-text-secondary hover:bg-token-main-surface-secondary\"><\/button><button class=\"rounded-lg text-token-text-secondary hover:bg-token-main-surface-secondary\"><\/button><button class=\"rounded-lg text-token-text-secondary hover:bg-token-main-surface-secondary\"><\/button><\/p>\n<div class=\"flex\"><\/div>\n<div class=\"flex items-center pb-0\">\n<div class=\"[&amp;_svg]:h-full [&amp;_svg]:w-full icon-md h-4 w-4\"><\/div>\n<p><span class=\"overflow-hidden text-clip whitespace-nowrap text-sm\">4o<\/span><\/div>\n<\/div>\n<\/div>\n<\/div>\n","protected":false},"featured_media":29266,"comment_status":"open","ping_status":"closed","template":"","meta":[],"product_cat":[101,107],"product_tag":[],"aioseo_notices":[],"_links":{"self":[{"href":"https:\/\/canariasmuebles.com\/index.php\/wp-json\/wp\/v2\/product\/29265"}],"collection":[{"href":"https:\/\/canariasmuebles.com\/index.php\/wp-json\/wp\/v2\/product"}],"about":[{"href":"https:\/\/canariasmuebles.com\/index.php\/wp-json\/wp\/v2\/types\/product"}],"replies":[{"embeddable":true,"href":"https:\/\/canariasmuebles.com\/index.php\/wp-json\/wp\/v2\/comments?post=29265"}],"wp:featuredmedia":[{"embeddable":true,"href":"https:\/\/canariasmuebles.com\/index.php\/wp-json\/wp\/v2\/media\/29266"}],"wp:attachment":[{"href":"https:\/\/canariasmuebles.com\/index.php\/wp-json\/wp\/v2\/media?parent=29265"}],"wp:term":[{"taxonomy":"product_cat","embeddable":true,"href":"https:\/\/canariasmuebles.com\/index.php\/wp-json\/wp\/v2\/product_cat?post=29265"},{"taxonomy":"product_tag","embeddable":true,"href":"https:\/\/canariasmuebles.com\/index.php\/wp-json\/wp\/v2\/product_tag?post=29265"}],"curies":[{"name":"wp","href":"https:\/\/api.w.org\/{rel}","templated":true}]}}